
{"id":72640,"date":"2024-03-04T15:24:23","date_gmt":"2024-03-04T15:24:23","guid":{"rendered":"https:\/\/smfoods.pt\/loja\/produto\/2190-granola-1-kg\/"},"modified":"2024-03-04T15:24:23","modified_gmt":"2024-03-04T15:24:23","slug":"2190-granola-1-kg","status":"publish","type":"product","link":"https:\/\/smfoods.pt\/loja\/produto\/2190-granola-1-kg\/","title":{"rendered":"Granola 1 Kg"},"content":{"rendered":"<p><strong>Observa\u00e7\u00f5es: <\/strong>Ideal para pequenos almo\u00e7os e bowls.<br \/>\nIngredientes: Flocos de Aveia (53%), a\u00e7\u00facar, arroz crocante (15%), (Farinha de arroz, A\u00e7\u00facar, Extrato de Malte), Carbonato de c\u00e1lcio, \u00f3leo de girassol, Emulsionante (Lecitina de Girassol), \u00f3leo de palma, Mel (2%), Xarope de A\u00e7\u00facar caramelizado.<br \/>\nCONT\u00c9M GLUTEN. PODE CONTER FRUTOS DE CASCA RIJA<\/p>\n","protected":false},"excerpt":{"rendered":"<p>Observa\u00e7\u00f5es: Ideal para pequenos almo\u00e7os e bowls. Ingredientes: Flocos de Aveia (53%), a\u00e7\u00facar, arroz crocante (15%), (Farinha de arroz, A\u00e7\u00facar, Extrato de Malte), Carbonato de c\u00e1lcio, \u00f3leo de girassol, Emulsionante (Lecitina de Girassol), \u00f3leo de palma, Mel (2%), Xarope de A\u00e7\u00facar caramelizado. CONT\u00c9M GLUTEN. PODE CONTER FRUTOS DE CASCA RIJA<\/p>\n","protected":false},"featured_media":72638,"template":"","meta":[],"product_cat":[2957],"product_tag":[],"class_list":{"0":"post-72640","1":"product","2":"type-product","3":"status-publish","4":"has-post-thumbnail","6":"product_cat-pastelaria-frutos-secos","8":"first","9":"instock","10":"taxable","11":"shipping-taxable","12":"product-type-simple","13":"add-to-wishlist-before_image","14":"col-xs-6 col-sm-4","15":"col-md-3 col-lg-3","16":"un-4-cols"},"_links":{"self":[{"href":"https:\/\/smfoods.pt\/loja\/wp-json\/wp\/v2\/product\/72640","targetHints":{"allow":["GET"]}}],"collection":[{"href":"https:\/\/smfoods.pt\/loja\/wp-json\/wp\/v2\/product"}],"about":[{"href":"https:\/\/smfoods.pt\/loja\/wp-json\/wp\/v2\/types\/product"}],"version-history":[{"count":0,"href":"https:\/\/smfoods.pt\/loja\/wp-json\/wp\/v2\/product\/72640\/revisions"}],"wp:featuredmedia":[{"embeddable":true,"href":"https:\/\/smfoods.pt\/loja\/wp-json\/wp\/v2\/media\/72638"}],"wp:attachment":[{"href":"https:\/\/smfoods.pt\/loja\/wp-json\/wp\/v2\/media?parent=72640"}],"wp:term":[{"taxonomy":"product_cat","embeddable":true,"href":"https:\/\/smfoods.pt\/loja\/wp-json\/wp\/v2\/product_cat?post=72640"},{"taxonomy":"product_tag","embeddable":true,"href":"https:\/\/smfoods.pt\/loja\/wp-json\/wp\/v2\/product_tag?post=72640"}],"curies":[{"name":"wp","href":"https:\/\/api.w.org\/{rel}","templated":true}]}}