
{"id":72666,"date":"2024-03-04T15:25:43","date_gmt":"2024-03-04T15:25:43","guid":{"rendered":"https:\/\/smfoods.pt\/loja\/produto\/074153-bigode-chocolate-branco-papa-40-unidades\/"},"modified":"2024-03-04T15:25:43","modified_gmt":"2024-03-04T15:25:43","slug":"074153-bigode-chocolate-branco-papa-40-unidades","status":"publish","type":"product","link":"https:\/\/smfoods.pt\/loja\/produto\/074153-bigode-chocolate-branco-papa-40-unidades\/","title":{"rendered":"Bigode Chocolate Branco Papa (40 unidades)"},"content":{"rendered":"<p><strong>Observa\u00e7\u00f5es: <\/strong>Dimens\u00f5es pe\u00e7a: 12,5cm x 3,5 cm<br \/>\nIngredientes: Chocolate Branco, Leite em p\u00f3, aroma natural de Baunilha. Pintura: Manteiga de cacau, a\u00e7ucar, colorante: E153, E120.<\/p>\n","protected":false},"excerpt":{"rendered":"<p>Observa\u00e7\u00f5es: Dimens\u00f5es pe\u00e7a: 12,5cm x 3,5 cm Ingredientes: Chocolate Branco, Leite em p\u00f3, aroma natural de Baunilha. Pintura: Manteiga de cacau, a\u00e7ucar, colorante: E153, E120.<\/p>\n","protected":false},"featured_media":72665,"template":"","meta":[],"product_cat":[2921,2916],"product_tag":[],"class_list":{"0":"post-72666","1":"product","2":"type-product","3":"status-publish","4":"has-post-thumbnail","6":"product_cat-pastelaria-novidades","7":"product_cat-gelataria-novidades","9":"first","10":"onbackorder","11":"taxable","12":"shipping-taxable","13":"product-type-simple","14":"add-to-wishlist-before_image","15":"col-xs-6 col-sm-4","16":"col-md-3 col-lg-3","17":"un-4-cols"},"_links":{"self":[{"href":"https:\/\/smfoods.pt\/loja\/wp-json\/wp\/v2\/product\/72666","targetHints":{"allow":["GET"]}}],"collection":[{"href":"https:\/\/smfoods.pt\/loja\/wp-json\/wp\/v2\/product"}],"about":[{"href":"https:\/\/smfoods.pt\/loja\/wp-json\/wp\/v2\/types\/product"}],"version-history":[{"count":0,"href":"https:\/\/smfoods.pt\/loja\/wp-json\/wp\/v2\/product\/72666\/revisions"}],"wp:featuredmedia":[{"embeddable":true,"href":"https:\/\/smfoods.pt\/loja\/wp-json\/wp\/v2\/media\/72665"}],"wp:attachment":[{"href":"https:\/\/smfoods.pt\/loja\/wp-json\/wp\/v2\/media?parent=72666"}],"wp:term":[{"taxonomy":"product_cat","embeddable":true,"href":"https:\/\/smfoods.pt\/loja\/wp-json\/wp\/v2\/product_cat?post=72666"},{"taxonomy":"product_tag","embeddable":true,"href":"https:\/\/smfoods.pt\/loja\/wp-json\/wp\/v2\/product_tag?post=72666"}],"curies":[{"name":"wp","href":"https:\/\/api.w.org\/{rel}","templated":true}]}}