
{"id":72683,"date":"2024-03-04T15:26:20","date_gmt":"2024-03-04T15:26:20","guid":{"rendered":"https:\/\/smfoods.pt\/loja\/produto\/060455-rounds-dark-choc-horloge-o-3-cm\/"},"modified":"2024-03-04T15:26:20","modified_gmt":"2024-03-04T15:26:20","slug":"060455-rounds-dark-choc-horloge-o-3-cm","status":"publish","type":"product","link":"https:\/\/smfoods.pt\/loja\/produto\/060455-rounds-dark-choc-horloge-o-3-cm\/","title":{"rendered":"Rounds dark choc Horloge \u00f8 3 cm"},"content":{"rendered":"<p><strong>Observa\u00e7\u00f5es: <\/strong>88 unidades<\/p>\n","protected":false},"excerpt":{"rendered":"<p>Observa\u00e7\u00f5es: 88 unidades<\/p>\n","protected":false},"featured_media":72682,"template":"","meta":[],"product_cat":[3077,2921],"product_tag":[],"class_list":{"0":"post-72683","1":"product","2":"type-product","3":"status-publish","4":"has-post-thumbnail","6":"product_cat-pastelaria-flores-e-decoracoes-natal","7":"product_cat-pastelaria-novidades","9":"first","10":"instock","11":"taxable","12":"shipping-taxable","13":"product-type-simple","14":"add-to-wishlist-before_image","15":"col-xs-6 col-sm-4","16":"col-md-3 col-lg-3","17":"un-4-cols"},"_links":{"self":[{"href":"https:\/\/smfoods.pt\/loja\/wp-json\/wp\/v2\/product\/72683","targetHints":{"allow":["GET"]}}],"collection":[{"href":"https:\/\/smfoods.pt\/loja\/wp-json\/wp\/v2\/product"}],"about":[{"href":"https:\/\/smfoods.pt\/loja\/wp-json\/wp\/v2\/types\/product"}],"version-history":[{"count":0,"href":"https:\/\/smfoods.pt\/loja\/wp-json\/wp\/v2\/product\/72683\/revisions"}],"wp:featuredmedia":[{"embeddable":true,"href":"https:\/\/smfoods.pt\/loja\/wp-json\/wp\/v2\/media\/72682"}],"wp:attachment":[{"href":"https:\/\/smfoods.pt\/loja\/wp-json\/wp\/v2\/media?parent=72683"}],"wp:term":[{"taxonomy":"product_cat","embeddable":true,"href":"https:\/\/smfoods.pt\/loja\/wp-json\/wp\/v2\/product_cat?post=72683"},{"taxonomy":"product_tag","embeddable":true,"href":"https:\/\/smfoods.pt\/loja\/wp-json\/wp\/v2\/product_tag?post=72683"}],"curies":[{"name":"wp","href":"https:\/\/api.w.org\/{rel}","templated":true}]}}