
{"id":72705,"date":"2024-03-04T15:27:54","date_gmt":"2024-03-04T15:27:54","guid":{"rendered":"https:\/\/smfoods.pt\/loja\/produto\/10193244-tarte-de-maca-e-nozes-pecan-25-kg\/"},"modified":"2024-03-04T15:27:54","modified_gmt":"2024-03-04T15:27:54","slug":"10193244-tarte-de-maca-e-nozes-pecan-25-kg","status":"publish","type":"product","link":"https:\/\/smfoods.pt\/loja\/produto\/10193244-tarte-de-maca-e-nozes-pecan-25-kg\/","title":{"rendered":"Tarte de Ma\u00e7\u00e3 e Nozes Pecan 2,5 Kg"},"content":{"rendered":"<p><strong>Observa\u00e7\u00f5es: <\/strong><\/p>\n","protected":false},"excerpt":{"rendered":"<p>Observa\u00e7\u00f5es:<\/p>\n","protected":false},"featured_media":72703,"template":"","meta":[],"product_cat":[3043],"product_tag":[],"class_list":{"0":"post-72705","1":"product","2":"type-product","3":"status-publish","4":"has-post-thumbnail","6":"product_cat-frozen-bolos-bolos-inteiros","8":"first","9":"onbackorder","10":"taxable","11":"shipping-taxable","12":"product-type-simple","13":"add-to-wishlist-before_image","14":"col-xs-6 col-sm-4","15":"col-md-3 col-lg-3","16":"un-4-cols"},"_links":{"self":[{"href":"https:\/\/smfoods.pt\/loja\/wp-json\/wp\/v2\/product\/72705","targetHints":{"allow":["GET"]}}],"collection":[{"href":"https:\/\/smfoods.pt\/loja\/wp-json\/wp\/v2\/product"}],"about":[{"href":"https:\/\/smfoods.pt\/loja\/wp-json\/wp\/v2\/types\/product"}],"version-history":[{"count":0,"href":"https:\/\/smfoods.pt\/loja\/wp-json\/wp\/v2\/product\/72705\/revisions"}],"wp:featuredmedia":[{"embeddable":true,"href":"https:\/\/smfoods.pt\/loja\/wp-json\/wp\/v2\/media\/72703"}],"wp:attachment":[{"href":"https:\/\/smfoods.pt\/loja\/wp-json\/wp\/v2\/media?parent=72705"}],"wp:term":[{"taxonomy":"product_cat","embeddable":true,"href":"https:\/\/smfoods.pt\/loja\/wp-json\/wp\/v2\/product_cat?post=72705"},{"taxonomy":"product_tag","embeddable":true,"href":"https:\/\/smfoods.pt\/loja\/wp-json\/wp\/v2\/product_tag?post=72705"}],"curies":[{"name":"wp","href":"https:\/\/api.w.org\/{rel}","templated":true}]}}