
{"id":72707,"date":"2024-03-04T15:27:59","date_gmt":"2024-03-04T15:27:59","guid":{"rendered":"https:\/\/smfoods.pt\/loja\/produto\/1010269692-chocofil-nocciola-crocante-6-kg\/"},"modified":"2024-03-04T15:27:59","modified_gmt":"2024-03-04T15:27:59","slug":"1010269692-chocofil-nocciola-crocante-6-kg","status":"publish","type":"product","link":"https:\/\/smfoods.pt\/loja\/produto\/1010269692-chocofil-nocciola-crocante-6-kg\/","title":{"rendered":"Chocofil Nocciola Crocante 6 Kg"},"content":{"rendered":"<p><strong>Observa\u00e7\u00f5es: <\/strong>Chocolate negro com sabor a avel\u00e3 e peda\u00e7os crocantes (recheio tipo Ferrero).<br \/>\nServe para recheio e cobertura. Pronto a usar.<\/p>\n<p>Ingredientes: A\u00e7ucar, mat\u00e9rias gordas vegetais, cacau em p\u00f3, pasta de avel\u00e3 (13,5%), leite magro em p\u00f3, soro de leite, lecitina de girassol, bolacha crocante, e aromas.<\/p>\n","protected":false},"excerpt":{"rendered":"<p>Observa\u00e7\u00f5es: Chocolate negro com sabor a avel\u00e3 e peda\u00e7os crocantes (recheio tipo Ferrero). Serve para recheio e cobertura. Pronto a usar. Ingredientes: A\u00e7ucar, mat\u00e9rias gordas vegetais, cacau em p\u00f3, pasta de avel\u00e3 (13,5%), leite magro em p\u00f3, soro de leite, lecitina de girassol, bolacha crocante, e aromas.<\/p>\n","protected":false},"featured_media":72706,"template":"","meta":[],"product_cat":[2993,3101],"product_tag":[],"class_list":{"0":"post-72707","1":"product","2":"type-product","3":"status-publish","4":"has-post-thumbnail","6":"product_cat-pastelaria-recheios","7":"product_cat-pastelaria-chocolates-e-sucedaneos-recheios","9":"first","10":"instock","11":"sale","12":"taxable","13":"shipping-taxable","14":"product-type-simple","15":"add-to-wishlist-before_image","16":"col-xs-6 col-sm-4","17":"col-md-3 col-lg-3","18":"un-4-cols"},"_links":{"self":[{"href":"https:\/\/smfoods.pt\/loja\/wp-json\/wp\/v2\/product\/72707","targetHints":{"allow":["GET"]}}],"collection":[{"href":"https:\/\/smfoods.pt\/loja\/wp-json\/wp\/v2\/product"}],"about":[{"href":"https:\/\/smfoods.pt\/loja\/wp-json\/wp\/v2\/types\/product"}],"version-history":[{"count":0,"href":"https:\/\/smfoods.pt\/loja\/wp-json\/wp\/v2\/product\/72707\/revisions"}],"wp:featuredmedia":[{"embeddable":true,"href":"https:\/\/smfoods.pt\/loja\/wp-json\/wp\/v2\/media\/72706"}],"wp:attachment":[{"href":"https:\/\/smfoods.pt\/loja\/wp-json\/wp\/v2\/media?parent=72707"}],"wp:term":[{"taxonomy":"product_cat","embeddable":true,"href":"https:\/\/smfoods.pt\/loja\/wp-json\/wp\/v2\/product_cat?post=72707"},{"taxonomy":"product_tag","embeddable":true,"href":"https:\/\/smfoods.pt\/loja\/wp-json\/wp\/v2\/product_tag?post=72707"}],"curies":[{"name":"wp","href":"https:\/\/api.w.org\/{rel}","templated":true}]}}