
{"id":72717,"date":"2024-03-04T15:28:24","date_gmt":"2024-03-04T15:28:24","guid":{"rendered":"https:\/\/smfoods.pt\/loja\/produto\/022111-vazia-europa-kg\/"},"modified":"2024-03-04T15:28:24","modified_gmt":"2024-03-04T15:28:24","slug":"022111-vazia-europa-kg","status":"publish","type":"product","link":"https:\/\/smfoods.pt\/loja\/produto\/022111-vazia-europa-kg\/","title":{"rendered":"Vazia Europa Kg"},"content":{"rendered":"<p><strong>Observa\u00e7\u00f5es: <\/strong>Origem: Fran\u00e7a (UE) | Quant.: 4\/6 pe\u00e7as | Peso m\u00e9dio (Cx): 21kg<\/p>\n","protected":false},"excerpt":{"rendered":"<p>Observa\u00e7\u00f5es: Origem: Fran\u00e7a (UE) | Quant.: 4\/6 pe\u00e7as | Peso m\u00e9dio (Cx): 21kg<\/p>\n","protected":false},"featured_media":72715,"template":"","meta":[],"product_cat":[2934],"product_tag":[],"class_list":{"0":"post-72717","1":"product","2":"type-product","3":"status-publish","4":"has-post-thumbnail","6":"product_cat-restauracao-carnes","8":"first","9":"instock","10":"taxable","11":"shipping-taxable","12":"product-type-simple","13":"add-to-wishlist-before_image","14":"col-xs-6 col-sm-4","15":"col-md-3 col-lg-3","16":"un-4-cols"},"_links":{"self":[{"href":"https:\/\/smfoods.pt\/loja\/wp-json\/wp\/v2\/product\/72717","targetHints":{"allow":["GET"]}}],"collection":[{"href":"https:\/\/smfoods.pt\/loja\/wp-json\/wp\/v2\/product"}],"about":[{"href":"https:\/\/smfoods.pt\/loja\/wp-json\/wp\/v2\/types\/product"}],"version-history":[{"count":0,"href":"https:\/\/smfoods.pt\/loja\/wp-json\/wp\/v2\/product\/72717\/revisions"}],"wp:featuredmedia":[{"embeddable":true,"href":"https:\/\/smfoods.pt\/loja\/wp-json\/wp\/v2\/media\/72715"}],"wp:attachment":[{"href":"https:\/\/smfoods.pt\/loja\/wp-json\/wp\/v2\/media?parent=72717"}],"wp:term":[{"taxonomy":"product_cat","embeddable":true,"href":"https:\/\/smfoods.pt\/loja\/wp-json\/wp\/v2\/product_cat?post=72717"},{"taxonomy":"product_tag","embeddable":true,"href":"https:\/\/smfoods.pt\/loja\/wp-json\/wp\/v2\/product_tag?post=72717"}],"curies":[{"name":"wp","href":"https:\/\/api.w.org\/{rel}","templated":true}]}}