
{"id":72735,"date":"2024-03-04T15:29:14","date_gmt":"2024-03-04T15:29:14","guid":{"rendered":"https:\/\/smfoods.pt\/loja\/produto\/01403-costelatira-de-porco-congelado\/"},"modified":"2024-03-04T15:29:14","modified_gmt":"2024-03-04T15:29:14","slug":"01403-costelatira-de-porco-congelado","status":"publish","type":"product","link":"https:\/\/smfoods.pt\/loja\/produto\/01403-costelatira-de-porco-congelado\/","title":{"rendered":"Costela\/tira de Porco Congelado"},"content":{"rendered":"<p><strong>Observa\u00e7\u00f5es: <\/strong>Origem: Espanha (UE) | Quant.: +-12 pe\u00e7as | Peso m\u00e9dio (Cx): 10kg<\/p>\n","protected":false},"excerpt":{"rendered":"<p>Observa\u00e7\u00f5es: Origem: Espanha (UE) | Quant.: +-12 pe\u00e7as | Peso m\u00e9dio (Cx): 10kg<\/p>\n","protected":false},"featured_media":72732,"template":"","meta":[],"product_cat":[2934,2922,3034],"product_tag":[],"class_list":{"0":"post-72735","1":"product","2":"type-product","3":"status-publish","4":"has-post-thumbnail","6":"product_cat-restauracao-carnes","7":"product_cat-restauracao-novidades","8":"product_cat-pastelaria-velas-numeradas-vermelhas","10":"first","11":"instock","12":"taxable","13":"shipping-taxable","14":"product-type-simple","15":"add-to-wishlist-before_image","16":"col-xs-6 col-sm-4","17":"col-md-3 col-lg-3","18":"un-4-cols"},"_links":{"self":[{"href":"https:\/\/smfoods.pt\/loja\/wp-json\/wp\/v2\/product\/72735","targetHints":{"allow":["GET"]}}],"collection":[{"href":"https:\/\/smfoods.pt\/loja\/wp-json\/wp\/v2\/product"}],"about":[{"href":"https:\/\/smfoods.pt\/loja\/wp-json\/wp\/v2\/types\/product"}],"version-history":[{"count":0,"href":"https:\/\/smfoods.pt\/loja\/wp-json\/wp\/v2\/product\/72735\/revisions"}],"wp:featuredmedia":[{"embeddable":true,"href":"https:\/\/smfoods.pt\/loja\/wp-json\/wp\/v2\/media\/72732"}],"wp:attachment":[{"href":"https:\/\/smfoods.pt\/loja\/wp-json\/wp\/v2\/media?parent=72735"}],"wp:term":[{"taxonomy":"product_cat","embeddable":true,"href":"https:\/\/smfoods.pt\/loja\/wp-json\/wp\/v2\/product_cat?post=72735"},{"taxonomy":"product_tag","embeddable":true,"href":"https:\/\/smfoods.pt\/loja\/wp-json\/wp\/v2\/product_tag?post=72735"}],"curies":[{"name":"wp","href":"https:\/\/api.w.org\/{rel}","templated":true}]}}