
{"id":72738,"date":"2024-03-04T15:29:19","date_gmt":"2024-03-04T15:29:19","guid":{"rendered":"https:\/\/smfoods.pt\/loja\/produto\/01404-costelatira-de-porco-congelado-seleccao-fumeiro-10-kg\/"},"modified":"2024-03-04T15:29:19","modified_gmt":"2024-03-04T15:29:19","slug":"01404-costelatira-de-porco-congelado-seleccao-fumeiro-10-kg","status":"publish","type":"product","link":"https:\/\/smfoods.pt\/loja\/produto\/01404-costelatira-de-porco-congelado-seleccao-fumeiro-10-kg\/","title":{"rendered":"Costela\/tira de Porco Congelado Selec\u00e7\u00e3o Fumeiro 10 Kg"},"content":{"rendered":"<p><strong>Observa\u00e7\u00f5es: <\/strong>Tira de Porco 1\u00aa Qualidade ideal para o churrasco.<br \/>\nPeso Fixo: 650 gr cada unidade<br \/>\nOrigem: Espanha<\/p>\n","protected":false},"excerpt":{"rendered":"<p>Observa\u00e7\u00f5es: Tira de Porco 1\u00aa Qualidade ideal para o churrasco. Peso Fixo: 650 gr cada unidade Origem: Espanha<\/p>\n","protected":false},"featured_media":72736,"template":"","meta":[],"product_cat":[2934,2922,3034],"product_tag":[],"class_list":{"0":"post-72738","1":"product","2":"type-product","3":"status-publish","4":"has-post-thumbnail","6":"product_cat-restauracao-carnes","7":"product_cat-restauracao-novidades","8":"product_cat-pastelaria-velas-numeradas-vermelhas","10":"first","11":"instock","12":"taxable","13":"shipping-taxable","14":"product-type-simple","15":"add-to-wishlist-before_image","16":"col-xs-6 col-sm-4","17":"col-md-3 col-lg-3","18":"un-4-cols"},"_links":{"self":[{"href":"https:\/\/smfoods.pt\/loja\/wp-json\/wp\/v2\/product\/72738","targetHints":{"allow":["GET"]}}],"collection":[{"href":"https:\/\/smfoods.pt\/loja\/wp-json\/wp\/v2\/product"}],"about":[{"href":"https:\/\/smfoods.pt\/loja\/wp-json\/wp\/v2\/types\/product"}],"version-history":[{"count":0,"href":"https:\/\/smfoods.pt\/loja\/wp-json\/wp\/v2\/product\/72738\/revisions"}],"wp:featuredmedia":[{"embeddable":true,"href":"https:\/\/smfoods.pt\/loja\/wp-json\/wp\/v2\/media\/72736"}],"wp:attachment":[{"href":"https:\/\/smfoods.pt\/loja\/wp-json\/wp\/v2\/media?parent=72738"}],"wp:term":[{"taxonomy":"product_cat","embeddable":true,"href":"https:\/\/smfoods.pt\/loja\/wp-json\/wp\/v2\/product_cat?post=72738"},{"taxonomy":"product_tag","embeddable":true,"href":"https:\/\/smfoods.pt\/loja\/wp-json\/wp\/v2\/product_tag?post=72738"}],"curies":[{"name":"wp","href":"https:\/\/api.w.org\/{rel}","templated":true}]}}