
{"id":72744,"date":"2024-03-04T15:29:32","date_gmt":"2024-03-04T15:29:32","guid":{"rendered":"https:\/\/smfoods.pt\/loja\/produto\/01741-picanha-a-uruguai\/"},"modified":"2024-03-04T15:29:32","modified_gmt":"2024-03-04T15:29:32","slug":"01741-picanha-a-uruguai","status":"publish","type":"product","link":"https:\/\/smfoods.pt\/loja\/produto\/01741-picanha-a-uruguai\/","title":{"rendered":"Picanha A Uruguai"},"content":{"rendered":"<p><strong>Observa\u00e7\u00f5es: <\/strong>Origem: Uruguai  | Quant.: 10 pe\u00e7as | Peso m\u00e9dio (Cx): 14kg<\/p>\n","protected":false},"excerpt":{"rendered":"<p>Observa\u00e7\u00f5es: Origem: Uruguai | Quant.: 10 pe\u00e7as | Peso m\u00e9dio (Cx): 14kg<\/p>\n","protected":false},"featured_media":72741,"template":"","meta":[],"product_cat":[2934],"product_tag":[],"class_list":{"0":"post-72744","1":"product","2":"type-product","3":"status-publish","4":"has-post-thumbnail","6":"product_cat-restauracao-carnes","8":"first","9":"instock","10":"taxable","11":"shipping-taxable","12":"product-type-simple","13":"add-to-wishlist-before_image","14":"col-xs-6 col-sm-4","15":"col-md-3 col-lg-3","16":"un-4-cols"},"_links":{"self":[{"href":"https:\/\/smfoods.pt\/loja\/wp-json\/wp\/v2\/product\/72744","targetHints":{"allow":["GET"]}}],"collection":[{"href":"https:\/\/smfoods.pt\/loja\/wp-json\/wp\/v2\/product"}],"about":[{"href":"https:\/\/smfoods.pt\/loja\/wp-json\/wp\/v2\/types\/product"}],"version-history":[{"count":0,"href":"https:\/\/smfoods.pt\/loja\/wp-json\/wp\/v2\/product\/72744\/revisions"}],"wp:featuredmedia":[{"embeddable":true,"href":"https:\/\/smfoods.pt\/loja\/wp-json\/wp\/v2\/media\/72741"}],"wp:attachment":[{"href":"https:\/\/smfoods.pt\/loja\/wp-json\/wp\/v2\/media?parent=72744"}],"wp:term":[{"taxonomy":"product_cat","embeddable":true,"href":"https:\/\/smfoods.pt\/loja\/wp-json\/wp\/v2\/product_cat?post=72744"},{"taxonomy":"product_tag","embeddable":true,"href":"https:\/\/smfoods.pt\/loja\/wp-json\/wp\/v2\/product_tag?post=72744"}],"curies":[{"name":"wp","href":"https:\/\/api.w.org\/{rel}","templated":true}]}}