
{"id":72755,"date":"2024-03-04T15:30:11","date_gmt":"2024-03-04T15:30:11","guid":{"rendered":"https:\/\/smfoods.pt\/loja\/produto\/01743-dobrada-de-porco-congelado-10-kg\/"},"modified":"2024-03-04T15:30:11","modified_gmt":"2024-03-04T15:30:11","slug":"01743-dobrada-de-porco-congelado-10-kg","status":"publish","type":"product","link":"https:\/\/smfoods.pt\/loja\/produto\/01743-dobrada-de-porco-congelado-10-kg\/","title":{"rendered":"Dobrada de Porco Congelado 10 Kg"},"content":{"rendered":"<p><strong>Observa\u00e7\u00f5es: <\/strong>Origem: Espanha (UE) | Quant.: +-30 pe\u00e7as | Peso m\u00e9dio (Cx): 10kg<\/p>\n","protected":false},"excerpt":{"rendered":"<p>Observa\u00e7\u00f5es: Origem: Espanha (UE) | Quant.: +-30 pe\u00e7as | Peso m\u00e9dio (Cx): 10kg<\/p>\n","protected":false},"featured_media":72753,"template":"","meta":[],"product_cat":[2934,2922],"product_tag":[],"class_list":{"0":"post-72755","1":"product","2":"type-product","3":"status-publish","4":"has-post-thumbnail","6":"product_cat-restauracao-carnes","7":"product_cat-restauracao-novidades","9":"first","10":"instock","11":"taxable","12":"shipping-taxable","13":"product-type-simple","14":"add-to-wishlist-before_image","15":"col-xs-6 col-sm-4","16":"col-md-3 col-lg-3","17":"un-4-cols"},"_links":{"self":[{"href":"https:\/\/smfoods.pt\/loja\/wp-json\/wp\/v2\/product\/72755","targetHints":{"allow":["GET"]}}],"collection":[{"href":"https:\/\/smfoods.pt\/loja\/wp-json\/wp\/v2\/product"}],"about":[{"href":"https:\/\/smfoods.pt\/loja\/wp-json\/wp\/v2\/types\/product"}],"version-history":[{"count":0,"href":"https:\/\/smfoods.pt\/loja\/wp-json\/wp\/v2\/product\/72755\/revisions"}],"wp:featuredmedia":[{"embeddable":true,"href":"https:\/\/smfoods.pt\/loja\/wp-json\/wp\/v2\/media\/72753"}],"wp:attachment":[{"href":"https:\/\/smfoods.pt\/loja\/wp-json\/wp\/v2\/media?parent=72755"}],"wp:term":[{"taxonomy":"product_cat","embeddable":true,"href":"https:\/\/smfoods.pt\/loja\/wp-json\/wp\/v2\/product_cat?post=72755"},{"taxonomy":"product_tag","embeddable":true,"href":"https:\/\/smfoods.pt\/loja\/wp-json\/wp\/v2\/product_tag?post=72755"}],"curies":[{"name":"wp","href":"https:\/\/api.w.org\/{rel}","templated":true}]}}