
{"id":72759,"date":"2024-03-04T15:30:31","date_gmt":"2024-03-04T15:30:31","guid":{"rendered":"https:\/\/smfoods.pt\/loja\/produto\/000328-pure-frutas-exoticas-1-kg\/"},"modified":"2024-03-04T15:30:31","modified_gmt":"2024-03-04T15:30:31","slug":"000328-pure-frutas-exoticas-1-kg","status":"publish","type":"product","link":"https:\/\/smfoods.pt\/loja\/produto\/000328-pure-frutas-exoticas-1-kg\/","title":{"rendered":"Pur\u00e9 Frutas Exoticas 1 Kg"},"content":{"rendered":"<p><strong>Observa\u00e7\u00f5es: <\/strong>10% A\u00e7ucar | Combina: Maracuj\u00e1 Flavicarpa (Ecuador), Manga Alfonso (India), Banana (Ecuador) e Lima (M\u00e9xico)<br \/>\nCaixa Master 6&#215;1 Kg<\/p>\n","protected":false},"excerpt":{"rendered":"<p>Observa\u00e7\u00f5es: 10% A\u00e7ucar | Combina: Maracuj\u00e1 Flavicarpa (Ecuador), Manga Alfonso (India), Banana (Ecuador) e Lima (M\u00e9xico) Caixa Master 6&#215;1 Kg<\/p>\n","protected":false},"featured_media":72758,"template":"","meta":[],"product_cat":[2991,2992,2989,2990],"product_tag":[],"class_list":{"0":"post-72759","1":"product","2":"type-product","3":"status-publish","4":"has-post-thumbnail","6":"product_cat-pastelaria-pures-de-frura","7":"product_cat-restauracao-pures-de-fruta","8":"product_cat-frozen-pures-de-fruta","9":"product_cat-gelataria-pures-de-fruta","11":"first","12":"instock","13":"taxable","14":"shipping-taxable","15":"product-type-simple","16":"add-to-wishlist-before_image","17":"col-xs-6 col-sm-4","18":"col-md-3 col-lg-3","19":"un-4-cols"},"_links":{"self":[{"href":"https:\/\/smfoods.pt\/loja\/wp-json\/wp\/v2\/product\/72759","targetHints":{"allow":["GET"]}}],"collection":[{"href":"https:\/\/smfoods.pt\/loja\/wp-json\/wp\/v2\/product"}],"about":[{"href":"https:\/\/smfoods.pt\/loja\/wp-json\/wp\/v2\/types\/product"}],"version-history":[{"count":0,"href":"https:\/\/smfoods.pt\/loja\/wp-json\/wp\/v2\/product\/72759\/revisions"}],"wp:featuredmedia":[{"embeddable":true,"href":"https:\/\/smfoods.pt\/loja\/wp-json\/wp\/v2\/media\/72758"}],"wp:attachment":[{"href":"https:\/\/smfoods.pt\/loja\/wp-json\/wp\/v2\/media?parent=72759"}],"wp:term":[{"taxonomy":"product_cat","embeddable":true,"href":"https:\/\/smfoods.pt\/loja\/wp-json\/wp\/v2\/product_cat?post=72759"},{"taxonomy":"product_tag","embeddable":true,"href":"https:\/\/smfoods.pt\/loja\/wp-json\/wp\/v2\/product_tag?post=72759"}],"curies":[{"name":"wp","href":"https:\/\/api.w.org\/{rel}","templated":true}]}}