
{"id":72790,"date":"2024-03-04T15:33:49","date_gmt":"2024-03-04T15:33:49","guid":{"rendered":"https:\/\/smfoods.pt\/loja\/produto\/70-30-38nv-01b-chocolate-pastilha-callebaut-70-30-38-callets-10-kg\/"},"modified":"2024-03-04T15:33:49","modified_gmt":"2024-03-04T15:33:49","slug":"70-30-38nv-01b-chocolate-pastilha-callebaut-70-30-38-callets-10-kg","status":"publish","type":"product","link":"https:\/\/smfoods.pt\/loja\/produto\/70-30-38nv-01b-chocolate-pastilha-callebaut-70-30-38-callets-10-kg\/","title":{"rendered":"Chocolate Pastilha Callebaut 70-30-38 Callets 10 Kg"},"content":{"rendered":"<p><strong>Observa\u00e7\u00f5es: <\/strong>Chocolate Belga 70,5% Cacau com 3 gotas fluidez.<br \/>\nIngredientes: massa de cacau 71,0%; a\u00e7\u00facar 26,0%; cacau em p\u00f3 com baixo teor de gordura 2,0%; emulsionante: lecitina de soja &lt;1%; sabor natural de baunilha &lt;1%<\/p>\n","protected":false},"excerpt":{"rendered":"<p>Observa\u00e7\u00f5es: Chocolate Belga 70,5% Cacau com 3 gotas fluidez. Ingredientes: massa de cacau 71,0%; a\u00e7\u00facar 26,0%; cacau em p\u00f3 com baixo teor de gordura 2,0%; emulsionante: lecitina de soja &lt;1%; sabor natural de baunilha &lt;1%<\/p>\n","protected":false},"featured_media":72789,"template":"","meta":[],"product_cat":[3050],"product_tag":[],"class_list":{"0":"post-72790","1":"product","2":"type-product","3":"status-publish","4":"has-post-thumbnail","6":"product_cat-pastelaria-chocolates-e-sucedaneos-chocolates-puros","8":"first","9":"onbackorder","10":"taxable","11":"shipping-taxable","12":"product-type-simple","13":"add-to-wishlist-before_image","14":"col-xs-6 col-sm-4","15":"col-md-3 col-lg-3","16":"un-4-cols"},"_links":{"self":[{"href":"https:\/\/smfoods.pt\/loja\/wp-json\/wp\/v2\/product\/72790","targetHints":{"allow":["GET"]}}],"collection":[{"href":"https:\/\/smfoods.pt\/loja\/wp-json\/wp\/v2\/product"}],"about":[{"href":"https:\/\/smfoods.pt\/loja\/wp-json\/wp\/v2\/types\/product"}],"version-history":[{"count":0,"href":"https:\/\/smfoods.pt\/loja\/wp-json\/wp\/v2\/product\/72790\/revisions"}],"wp:featuredmedia":[{"embeddable":true,"href":"https:\/\/smfoods.pt\/loja\/wp-json\/wp\/v2\/media\/72789"}],"wp:attachment":[{"href":"https:\/\/smfoods.pt\/loja\/wp-json\/wp\/v2\/media?parent=72790"}],"wp:term":[{"taxonomy":"product_cat","embeddable":true,"href":"https:\/\/smfoods.pt\/loja\/wp-json\/wp\/v2\/product_cat?post=72790"},{"taxonomy":"product_tag","embeddable":true,"href":"https:\/\/smfoods.pt\/loja\/wp-json\/wp\/v2\/product_tag?post=72790"}],"curies":[{"name":"wp","href":"https:\/\/api.w.org\/{rel}","templated":true}]}}