
{"id":72800,"date":"2024-03-04T15:34:30","date_gmt":"2024-03-04T15:34:30","guid":{"rendered":"https:\/\/smfoods.pt\/loja\/produto\/bf11-base-iper-frutta-50-25-kg\/"},"modified":"2024-03-04T15:34:30","modified_gmt":"2024-03-04T15:34:30","slug":"bf11-base-iper-frutta-50-25-kg","status":"publish","type":"product","link":"https:\/\/smfoods.pt\/loja\/produto\/bf11-base-iper-frutta-50-25-kg\/","title":{"rendered":"Base Iper Frutta 50 2,5 Kg"},"content":{"rendered":"<p><strong>Observa\u00e7\u00f5es: <\/strong>Base para fazer gelado de fruta. Dosagem de aplica\u00e7\u00e3o: 50gr.<br \/>\nCaixa master com 8 sacos.<\/p>\n","protected":false},"excerpt":{"rendered":"<p>Observa\u00e7\u00f5es: Base para fazer gelado de fruta. Dosagem de aplica\u00e7\u00e3o: 50gr. Caixa master com 8 sacos.<\/p>\n","protected":false},"featured_media":72799,"template":"","meta":[],"product_cat":[2925],"product_tag":[],"class_list":{"0":"post-72800","1":"product","2":"type-product","3":"status-publish","4":"has-post-thumbnail","6":"product_cat-gelataria-bases-gelado","8":"first","9":"instock","10":"taxable","11":"shipping-taxable","12":"product-type-simple","13":"add-to-wishlist-before_image","14":"col-xs-6 col-sm-4","15":"col-md-3 col-lg-3","16":"un-4-cols"},"_links":{"self":[{"href":"https:\/\/smfoods.pt\/loja\/wp-json\/wp\/v2\/product\/72800","targetHints":{"allow":["GET"]}}],"collection":[{"href":"https:\/\/smfoods.pt\/loja\/wp-json\/wp\/v2\/product"}],"about":[{"href":"https:\/\/smfoods.pt\/loja\/wp-json\/wp\/v2\/types\/product"}],"version-history":[{"count":0,"href":"https:\/\/smfoods.pt\/loja\/wp-json\/wp\/v2\/product\/72800\/revisions"}],"wp:featuredmedia":[{"embeddable":true,"href":"https:\/\/smfoods.pt\/loja\/wp-json\/wp\/v2\/media\/72799"}],"wp:attachment":[{"href":"https:\/\/smfoods.pt\/loja\/wp-json\/wp\/v2\/media?parent=72800"}],"wp:term":[{"taxonomy":"product_cat","embeddable":true,"href":"https:\/\/smfoods.pt\/loja\/wp-json\/wp\/v2\/product_cat?post=72800"},{"taxonomy":"product_tag","embeddable":true,"href":"https:\/\/smfoods.pt\/loja\/wp-json\/wp\/v2\/product_tag?post=72800"}],"curies":[{"name":"wp","href":"https:\/\/api.w.org\/{rel}","templated":true}]}}