
{"id":72853,"date":"2024-03-04T15:37:08","date_gmt":"2024-03-04T15:37:08","guid":{"rendered":"https:\/\/smfoods.pt\/loja\/produto\/c021011-copos-gelado-cartao-120-ml-fruitgo-57-unid\/"},"modified":"2024-03-04T15:37:08","modified_gmt":"2024-03-04T15:37:08","slug":"c021011-copos-gelado-cartao-120-ml-fruitgo-57-unid","status":"publish","type":"product","link":"https:\/\/smfoods.pt\/loja\/produto\/c021011-copos-gelado-cartao-120-ml-fruitgo-57-unid\/","title":{"rendered":"Copos Gelado Cart\u00e3o 120 ml FRUIT&amp;GO (57 unid)"},"content":{"rendered":"<p><strong>Observa\u00e7\u00f5es: <\/strong>Caixa master com 55 mangas de copos. Cada manga com 57 unidades.<\/p>\n","protected":false},"excerpt":{"rendered":"<p>Observa\u00e7\u00f5es: Caixa master com 55 mangas de copos. Cada manga com 57 unidades.<\/p>\n","protected":false},"featured_media":72852,"template":"","meta":[],"product_cat":[2943],"product_tag":[],"class_list":{"0":"post-72853","1":"product","2":"type-product","3":"status-publish","4":"has-post-thumbnail","6":"product_cat-gelataria-embalagens","8":"first","9":"onbackorder","10":"taxable","11":"shipping-taxable","12":"product-type-simple","13":"add-to-wishlist-before_image","14":"col-xs-6 col-sm-4","15":"col-md-3 col-lg-3","16":"un-4-cols"},"_links":{"self":[{"href":"https:\/\/smfoods.pt\/loja\/wp-json\/wp\/v2\/product\/72853","targetHints":{"allow":["GET"]}}],"collection":[{"href":"https:\/\/smfoods.pt\/loja\/wp-json\/wp\/v2\/product"}],"about":[{"href":"https:\/\/smfoods.pt\/loja\/wp-json\/wp\/v2\/types\/product"}],"version-history":[{"count":0,"href":"https:\/\/smfoods.pt\/loja\/wp-json\/wp\/v2\/product\/72853\/revisions"}],"wp:featuredmedia":[{"embeddable":true,"href":"https:\/\/smfoods.pt\/loja\/wp-json\/wp\/v2\/media\/72852"}],"wp:attachment":[{"href":"https:\/\/smfoods.pt\/loja\/wp-json\/wp\/v2\/media?parent=72853"}],"wp:term":[{"taxonomy":"product_cat","embeddable":true,"href":"https:\/\/smfoods.pt\/loja\/wp-json\/wp\/v2\/product_cat?post=72853"},{"taxonomy":"product_tag","embeddable":true,"href":"https:\/\/smfoods.pt\/loja\/wp-json\/wp\/v2\/product_tag?post=72853"}],"curies":[{"name":"wp","href":"https:\/\/api.w.org\/{rel}","templated":true}]}}