
{"id":72871,"date":"2024-03-04T15:38:57","date_gmt":"2024-03-04T15:38:57","guid":{"rendered":"https:\/\/smfoods.pt\/loja\/produto\/prn-ha50cby-e0-t60-praline-de-50-avelas-5-kg\/"},"modified":"2024-03-04T15:38:57","modified_gmt":"2024-03-04T15:38:57","slug":"prn-ha50cby-e0-t60-praline-de-50-avelas-5-kg","status":"publish","type":"product","link":"https:\/\/smfoods.pt\/loja\/produto\/prn-ha50cby-e0-t60-praline-de-50-avelas-5-kg\/","title":{"rendered":"Pralin\u00e9 de 50% Avel\u00e3s 5 Kg"},"content":{"rendered":"<p><strong>Observa\u00e7\u00f5es: <\/strong>Ingredientes: 50% Avel\u00e3s, a\u00e7\u00facar, oleo girassol, mono gliceridos.<\/p>\n","protected":false},"excerpt":{"rendered":"<p>Observa\u00e7\u00f5es: Ingredientes: 50% Avel\u00e3s, a\u00e7\u00facar, oleo girassol, mono gliceridos.<\/p>\n","protected":false},"featured_media":72870,"template":"","meta":[],"product_cat":[2984],"product_tag":[],"class_list":{"0":"post-72871","1":"product","2":"type-product","3":"status-publish","4":"has-post-thumbnail","6":"product_cat-pastelaria-pastas-aromatizantes","8":"first","9":"onbackorder","10":"taxable","11":"shipping-taxable","12":"product-type-simple","13":"add-to-wishlist-before_image","14":"col-xs-6 col-sm-4","15":"col-md-3 col-lg-3","16":"un-4-cols"},"_links":{"self":[{"href":"https:\/\/smfoods.pt\/loja\/wp-json\/wp\/v2\/product\/72871","targetHints":{"allow":["GET"]}}],"collection":[{"href":"https:\/\/smfoods.pt\/loja\/wp-json\/wp\/v2\/product"}],"about":[{"href":"https:\/\/smfoods.pt\/loja\/wp-json\/wp\/v2\/types\/product"}],"version-history":[{"count":0,"href":"https:\/\/smfoods.pt\/loja\/wp-json\/wp\/v2\/product\/72871\/revisions"}],"wp:featuredmedia":[{"embeddable":true,"href":"https:\/\/smfoods.pt\/loja\/wp-json\/wp\/v2\/media\/72870"}],"wp:attachment":[{"href":"https:\/\/smfoods.pt\/loja\/wp-json\/wp\/v2\/media?parent=72871"}],"wp:term":[{"taxonomy":"product_cat","embeddable":true,"href":"https:\/\/smfoods.pt\/loja\/wp-json\/wp\/v2\/product_cat?post=72871"},{"taxonomy":"product_tag","embeddable":true,"href":"https:\/\/smfoods.pt\/loja\/wp-json\/wp\/v2\/product_tag?post=72871"}],"curies":[{"name":"wp","href":"https:\/\/api.w.org\/{rel}","templated":true}]}}