
{"id":72925,"date":"2024-03-04T15:49:00","date_gmt":"2024-03-04T15:49:00","guid":{"rendered":"https:\/\/smfoods.pt\/loja\/produto\/ar07-yogurt-elite-50-2-kg\/"},"modified":"2024-03-04T15:49:00","modified_gmt":"2024-03-04T15:49:00","slug":"ar07-yogurt-elite-50-2-kg","status":"publish","type":"product","link":"https:\/\/smfoods.pt\/loja\/produto\/ar07-yogurt-elite-50-2-kg\/","title":{"rendered":"Yogurt Elite 50 2 Kg"},"content":{"rendered":"<p><strong>Observa\u00e7\u00f5es: <\/strong>Produto em p\u00f3 para fazer gelado de iogurte. Dosagem de aplica\u00e7\u00e3o: 30 gr.<br \/>\nCaixa de 3 sacos de 2 Kg.<\/p>\n","protected":false},"excerpt":{"rendered":"<p>Observa\u00e7\u00f5es: Produto em p\u00f3 para fazer gelado de iogurte. Dosagem de aplica\u00e7\u00e3o: 30 gr. Caixa de 3 sacos de 2 Kg.<\/p>\n","protected":false},"featured_media":72924,"template":"","meta":[],"product_cat":[2985],"product_tag":[],"class_list":{"0":"post-72925","1":"product","2":"type-product","3":"status-publish","4":"has-post-thumbnail","6":"product_cat-gelataria-pastas-gelado","8":"first","9":"instock","10":"taxable","11":"shipping-taxable","12":"product-type-simple","13":"add-to-wishlist-before_image","14":"col-xs-6 col-sm-4","15":"col-md-3 col-lg-3","16":"un-4-cols"},"_links":{"self":[{"href":"https:\/\/smfoods.pt\/loja\/wp-json\/wp\/v2\/product\/72925","targetHints":{"allow":["GET"]}}],"collection":[{"href":"https:\/\/smfoods.pt\/loja\/wp-json\/wp\/v2\/product"}],"about":[{"href":"https:\/\/smfoods.pt\/loja\/wp-json\/wp\/v2\/types\/product"}],"version-history":[{"count":0,"href":"https:\/\/smfoods.pt\/loja\/wp-json\/wp\/v2\/product\/72925\/revisions"}],"wp:featuredmedia":[{"embeddable":true,"href":"https:\/\/smfoods.pt\/loja\/wp-json\/wp\/v2\/media\/72924"}],"wp:attachment":[{"href":"https:\/\/smfoods.pt\/loja\/wp-json\/wp\/v2\/media?parent=72925"}],"wp:term":[{"taxonomy":"product_cat","embeddable":true,"href":"https:\/\/smfoods.pt\/loja\/wp-json\/wp\/v2\/product_cat?post=72925"},{"taxonomy":"product_tag","embeddable":true,"href":"https:\/\/smfoods.pt\/loja\/wp-json\/wp\/v2\/product_tag?post=72925"}],"curies":[{"name":"wp","href":"https:\/\/api.w.org\/{rel}","templated":true}]}}