
{"id":72933,"date":"2024-03-04T15:49:25","date_gmt":"2024-03-04T15:49:25","guid":{"rendered":"https:\/\/smfoods.pt\/loja\/produto\/cdbg108-bacalhau-desfiado-granel-10-kg-ple9-kg\/"},"modified":"2024-03-04T15:49:25","modified_gmt":"2024-03-04T15:49:25","slug":"cdbg108-bacalhau-desfiado-granel-10-kg-ple9-kg","status":"publish","type":"product","link":"https:\/\/smfoods.pt\/loja\/produto\/cdbg108-bacalhau-desfiado-granel-10-kg-ple9-kg\/","title":{"rendered":"Bacalhau Desfiado Granel 10 Kg (PLE9 KG)"},"content":{"rendered":"<p><strong>Observa\u00e7\u00f5es: <\/strong>Origem: Noruega (UE) | Peso m\u00e9dio (Cx): 10kg<\/p>\n","protected":false},"excerpt":{"rendered":"<p>Observa\u00e7\u00f5es: Origem: Noruega (UE) | Peso m\u00e9dio (Cx): 10kg<\/p>\n","protected":false},"featured_media":72932,"template":"","meta":[],"product_cat":[3038,2922],"product_tag":[],"class_list":{"0":"post-72933","1":"product","2":"type-product","3":"status-publish","4":"has-post-thumbnail","6":"product_cat-restauracao-peixes-bacalhau","7":"product_cat-restauracao-novidades","9":"first","10":"instock","11":"taxable","12":"shipping-taxable","13":"product-type-simple","14":"add-to-wishlist-before_image","15":"col-xs-6 col-sm-4","16":"col-md-3 col-lg-3","17":"un-4-cols"},"_links":{"self":[{"href":"https:\/\/smfoods.pt\/loja\/wp-json\/wp\/v2\/product\/72933","targetHints":{"allow":["GET"]}}],"collection":[{"href":"https:\/\/smfoods.pt\/loja\/wp-json\/wp\/v2\/product"}],"about":[{"href":"https:\/\/smfoods.pt\/loja\/wp-json\/wp\/v2\/types\/product"}],"version-history":[{"count":0,"href":"https:\/\/smfoods.pt\/loja\/wp-json\/wp\/v2\/product\/72933\/revisions"}],"wp:featuredmedia":[{"embeddable":true,"href":"https:\/\/smfoods.pt\/loja\/wp-json\/wp\/v2\/media\/72932"}],"wp:attachment":[{"href":"https:\/\/smfoods.pt\/loja\/wp-json\/wp\/v2\/media?parent=72933"}],"wp:term":[{"taxonomy":"product_cat","embeddable":true,"href":"https:\/\/smfoods.pt\/loja\/wp-json\/wp\/v2\/product_cat?post=72933"},{"taxonomy":"product_tag","embeddable":true,"href":"https:\/\/smfoods.pt\/loja\/wp-json\/wp\/v2\/product_tag?post=72933"}],"curies":[{"name":"wp","href":"https:\/\/api.w.org\/{rel}","templated":true}]}}