
{"id":72961,"date":"2024-03-04T15:51:15","date_gmt":"2024-03-04T15:51:15","guid":{"rendered":"https:\/\/smfoods.pt\/loja\/produto\/4999950-golden-glaze-em-spray-tipo-ovo-500-gr\/"},"modified":"2024-03-04T15:51:15","modified_gmt":"2024-03-04T15:51:15","slug":"4999950-golden-glaze-em-spray-tipo-ovo-500-gr","status":"publish","type":"product","link":"https:\/\/smfoods.pt\/loja\/produto\/4999950-golden-glaze-em-spray-tipo-ovo-500-gr\/","title":{"rendered":"Golden Glaze em Spray &#8220;tipo Ovo&#8221; 500 gr"},"content":{"rendered":"<p><strong>Observa\u00e7\u00f5es: <\/strong>Substituto de ovo em spray, ideal para pintar pastelaria.<br \/>\nIngredientes: \u00c1gua, proteinas vegetais, \u00f3leo de girassol, dextrose, maltodextrina,, emulsionantes, lecitina de soja, g\u00e1s propulsor: azoto (E941).<br \/>\nRendimento: Cada lata pinta +- 700 pe\u00e7as.<\/p>\n","protected":false},"excerpt":{"rendered":"<p>Observa\u00e7\u00f5es: Substituto de ovo em spray, ideal para pintar pastelaria. Ingredientes: \u00c1gua, proteinas vegetais, \u00f3leo de girassol, dextrose, maltodextrina,, emulsionantes, lecitina de soja, g\u00e1s propulsor: azoto (E941). Rendimento: Cada lata pinta +- 700 pe\u00e7as.<\/p>\n","protected":false},"featured_media":72960,"template":"","meta":[],"product_cat":[3106],"product_tag":[],"class_list":{"0":"post-72961","1":"product","2":"type-product","3":"status-publish","4":"has-post-thumbnail","6":"product_cat-pastelaria-corantes-sprays","8":"first","9":"instock","10":"taxable","11":"shipping-taxable","12":"product-type-simple","13":"add-to-wishlist-before_image","14":"col-xs-6 col-sm-4","15":"col-md-3 col-lg-3","16":"un-4-cols"},"_links":{"self":[{"href":"https:\/\/smfoods.pt\/loja\/wp-json\/wp\/v2\/product\/72961","targetHints":{"allow":["GET"]}}],"collection":[{"href":"https:\/\/smfoods.pt\/loja\/wp-json\/wp\/v2\/product"}],"about":[{"href":"https:\/\/smfoods.pt\/loja\/wp-json\/wp\/v2\/types\/product"}],"version-history":[{"count":0,"href":"https:\/\/smfoods.pt\/loja\/wp-json\/wp\/v2\/product\/72961\/revisions"}],"wp:featuredmedia":[{"embeddable":true,"href":"https:\/\/smfoods.pt\/loja\/wp-json\/wp\/v2\/media\/72960"}],"wp:attachment":[{"href":"https:\/\/smfoods.pt\/loja\/wp-json\/wp\/v2\/media?parent=72961"}],"wp:term":[{"taxonomy":"product_cat","embeddable":true,"href":"https:\/\/smfoods.pt\/loja\/wp-json\/wp\/v2\/product_cat?post=72961"},{"taxonomy":"product_tag","embeddable":true,"href":"https:\/\/smfoods.pt\/loja\/wp-json\/wp\/v2\/product_tag?post=72961"}],"curies":[{"name":"wp","href":"https:\/\/api.w.org\/{rel}","templated":true}]}}