
{"id":73022,"date":"2024-03-04T15:56:48","date_gmt":"2024-03-04T15:56:48","guid":{"rendered":"https:\/\/smfoods.pt\/loja\/produto\/c03101-copos-gelado-cartao-170-ml-56-unid\/"},"modified":"2024-03-04T15:56:48","modified_gmt":"2024-03-04T15:56:48","slug":"c03101-copos-gelado-cartao-170-ml-56-unid","status":"publish","type":"product","link":"https:\/\/smfoods.pt\/loja\/produto\/c03101-copos-gelado-cartao-170-ml-56-unid\/","title":{"rendered":"Copos Gelado Cart\u00e3o 170 ml (56 unid)"},"content":{"rendered":"<p><strong>Observa\u00e7\u00f5es: <\/strong>Caixa master com 22 sacos com 54 copos cada.<\/p>\n","protected":false},"excerpt":{"rendered":"<p>Observa\u00e7\u00f5es: Caixa master com 22 sacos com 54 copos cada.<\/p>\n","protected":false},"featured_media":73021,"template":"","meta":[],"product_cat":[2943],"product_tag":[],"class_list":{"0":"post-73022","1":"product","2":"type-product","3":"status-publish","4":"has-post-thumbnail","6":"product_cat-gelataria-embalagens","8":"first","9":"onbackorder","10":"taxable","11":"shipping-taxable","12":"product-type-simple","13":"add-to-wishlist-before_image","14":"col-xs-6 col-sm-4","15":"col-md-3 col-lg-3","16":"un-4-cols"},"_links":{"self":[{"href":"https:\/\/smfoods.pt\/loja\/wp-json\/wp\/v2\/product\/73022","targetHints":{"allow":["GET"]}}],"collection":[{"href":"https:\/\/smfoods.pt\/loja\/wp-json\/wp\/v2\/product"}],"about":[{"href":"https:\/\/smfoods.pt\/loja\/wp-json\/wp\/v2\/types\/product"}],"version-history":[{"count":0,"href":"https:\/\/smfoods.pt\/loja\/wp-json\/wp\/v2\/product\/73022\/revisions"}],"wp:featuredmedia":[{"embeddable":true,"href":"https:\/\/smfoods.pt\/loja\/wp-json\/wp\/v2\/media\/73021"}],"wp:attachment":[{"href":"https:\/\/smfoods.pt\/loja\/wp-json\/wp\/v2\/media?parent=73022"}],"wp:term":[{"taxonomy":"product_cat","embeddable":true,"href":"https:\/\/smfoods.pt\/loja\/wp-json\/wp\/v2\/product_cat?post=73022"},{"taxonomy":"product_tag","embeddable":true,"href":"https:\/\/smfoods.pt\/loja\/wp-json\/wp\/v2\/product_tag?post=73022"}],"curies":[{"name":"wp","href":"https:\/\/api.w.org\/{rel}","templated":true}]}}