
{"id":73027,"date":"2024-03-04T15:57:09","date_gmt":"2024-03-04T15:57:09","guid":{"rendered":"https:\/\/smfoods.pt\/loja\/produto\/chm-p35lbar-e5-u72-heritage-lactee-35-cacao-barry-5-kg\/"},"modified":"2024-03-04T15:57:09","modified_gmt":"2024-03-04T15:57:09","slug":"chm-p35lbar-e5-u72-heritage-lactee-35-cacao-barry-5-kg","status":"publish","type":"product","link":"https:\/\/smfoods.pt\/loja\/produto\/chm-p35lbar-e5-u72-heritage-lactee-35-cacao-barry-5-kg\/","title":{"rendered":"Heritage Lactee 35% Cacao Barry 5 Kg"},"content":{"rendered":"<p><strong>Observa\u00e7\u00f5es: <\/strong>Pastilha de leite com 4 gotas fluidez. 38% Minimo Mat\u00e9ria Gorda| 29% minimo de leite. Ideal para bombons e ganaches<\/p>\n","protected":false},"excerpt":{"rendered":"<p>Observa\u00e7\u00f5es: Pastilha de leite com 4 gotas fluidez. 38% Minimo Mat\u00e9ria Gorda| 29% minimo de leite. Ideal para bombons e ganaches<\/p>\n","protected":false},"featured_media":73026,"template":"","meta":[],"product_cat":[3050],"product_tag":[],"class_list":{"0":"post-73027","1":"product","2":"type-product","3":"status-publish","4":"has-post-thumbnail","6":"product_cat-pastelaria-chocolates-e-sucedaneos-chocolates-puros","8":"first","9":"instock","10":"taxable","11":"shipping-taxable","12":"product-type-simple","13":"add-to-wishlist-before_image","14":"col-xs-6 col-sm-4","15":"col-md-3 col-lg-3","16":"un-4-cols"},"_links":{"self":[{"href":"https:\/\/smfoods.pt\/loja\/wp-json\/wp\/v2\/product\/73027","targetHints":{"allow":["GET"]}}],"collection":[{"href":"https:\/\/smfoods.pt\/loja\/wp-json\/wp\/v2\/product"}],"about":[{"href":"https:\/\/smfoods.pt\/loja\/wp-json\/wp\/v2\/types\/product"}],"version-history":[{"count":0,"href":"https:\/\/smfoods.pt\/loja\/wp-json\/wp\/v2\/product\/73027\/revisions"}],"wp:featuredmedia":[{"embeddable":true,"href":"https:\/\/smfoods.pt\/loja\/wp-json\/wp\/v2\/media\/73026"}],"wp:attachment":[{"href":"https:\/\/smfoods.pt\/loja\/wp-json\/wp\/v2\/media?parent=73027"}],"wp:term":[{"taxonomy":"product_cat","embeddable":true,"href":"https:\/\/smfoods.pt\/loja\/wp-json\/wp\/v2\/product_cat?post=73027"},{"taxonomy":"product_tag","embeddable":true,"href":"https:\/\/smfoods.pt\/loja\/wp-json\/wp\/v2\/product_tag?post=73027"}],"curies":[{"name":"wp","href":"https:\/\/api.w.org\/{rel}","templated":true}]}}